{"id":2,"date":"2016-11-02T21:44:42","date_gmt":"2016-11-02T20:44:42","guid":{"rendered":"http:\/\/tserclaes.be\/?page_id=2"},"modified":"2016-11-24T22:09:18","modified_gmt":"2016-11-24T21:09:18","slug":"page-d-exemple","status":"publish","type":"page","link":"https:\/\/tserclaes.be\/index.php\/page-d-exemple\/","title":{"rendered":"Les T&rsquo;Serclaes"},"content":{"rendered":"<p>L&rsquo;origine de la famille T&rsquo;Serclaes remonte au moyen \u00e2ge et est attach\u00e9 au d\u00e9veloppement de la ville de Bruxelles. Malheureusement un grand nombre d&rsquo;archives de la ville retra\u00e7ant leurs fonctions ont disparu pendant l&rsquo;incendie de Bruxelles apr\u00e8s le bombardement de 1695, ce qui a rendu la t\u00e2che des g\u00e9n\u00e9alogistes assez difficile.<\/p>\n<p>Cependant on peut fixer que le premier personnage de cette famille\u00a0est un certain\u00a0 Gerelumus qui vivait probablement pendant la premi\u00e8re moiti\u00e9 du XIII si\u00e8cle et semble avoir \u00e9pous\u00e9 une fille de la famille des Leeu.\u00a0 comme les lignages se transmettaient aussi bien par les hommes que par les femmes, tous leurs descendants\u00a0firent partie du lignage des &lsquo;s Leeuws. A partir du 14 si\u00e8cle, ils s&rsquo;inscrivent cependant syst\u00e9matiquement dans le lignage &lsquo;Serroelofs.<\/p>\n<p>Gerelmus avait trois au quatre enfants, dont Nicolaus.\u00a0 Ce Nicolaus avait une huitaine d&rsquo;enfants dont Nicolaus (II) grand-p\u00e8re d&rsquo;Evrard T&rsquo;Serclaes le lib\u00e9rateur de Bruxelles.<\/p>\n<p>&nbsp;<\/p>\n<p>&nbsp;<\/p>\n","protected":false},"excerpt":{"rendered":"<p>L&rsquo;origine de la famille T&rsquo;Serclaes remonte au moyen \u00e2ge et est attach\u00e9 au d\u00e9veloppement de la ville de Bruxelles. Malheureusement un grand nombre d&rsquo;archives de la ville retra\u00e7ant leurs fonctions ont disparu pendant l&rsquo;incendie de Bruxelles apr\u00e8s le bombardement de 1695, ce qui a rendu la t\u00e2che des g\u00e9n\u00e9alogistes assez difficile. Cependant on peut fixer&hellip; <\/p>\n<p class=\"toivo-read-more\"><a href=\"https:\/\/tserclaes.be\/index.php\/page-d-exemple\/\" class=\"more-link\">Lire la suite <span class=\"screen-reader-text\">Les T&rsquo;Serclaes<\/span><\/a><\/p>\n","protected":false},"author":1,"featured_media":0,"parent":0,"menu_order":0,"comment_status":"closed","ping_status":"open","template":"","meta":{"footnotes":""},"_links":{"self":[{"href":"https:\/\/tserclaes.be\/index.php\/wp-json\/wp\/v2\/pages\/2"}],"collection":[{"href":"https:\/\/tserclaes.be\/index.php\/wp-json\/wp\/v2\/pages"}],"about":[{"href":"https:\/\/tserclaes.be\/index.php\/wp-json\/wp\/v2\/types\/page"}],"author":[{"embeddable":true,"href":"https:\/\/tserclaes.be\/index.php\/wp-json\/wp\/v2\/users\/1"}],"replies":[{"embeddable":true,"href":"https:\/\/tserclaes.be\/index.php\/wp-json\/wp\/v2\/comments?post=2"}],"version-history":[{"count":2,"href":"https:\/\/tserclaes.be\/index.php\/wp-json\/wp\/v2\/pages\/2\/revisions"}],"predecessor-version":[{"id":21,"href":"https:\/\/tserclaes.be\/index.php\/wp-json\/wp\/v2\/pages\/2\/revisions\/21"}],"wp:attachment":[{"href":"https:\/\/tserclaes.be\/index.php\/wp-json\/wp\/v2\/media?parent=2"}],"curies":[{"name":"wp","href":"https:\/\/api.w.org\/{rel}","templated":true}]}}